{"id":201,"date":"2017-01-22T23:00:56","date_gmt":"2017-01-22T22:00:56","guid":{"rendered":"http:\/\/www.aspergeraragon.org.es\/wordpress\/?page_id=201"},"modified":"2024-07-29T10:32:04","modified_gmt":"2024-07-29T09:32:04","slug":"s-asperger","status":"publish","type":"page","link":"https:\/\/www.aspergeraragon.org.es\/wordpress\/?page_id=201","title":{"rendered":"S\u00cdNDROME DE ASPERGER"},"content":{"rendered":"\t\t<div data-elementor-type=\"wp-page\" data-elementor-id=\"201\" class=\"elementor elementor-201\">\n\t\t\t\t<div class=\"elementor-element elementor-element-55341f25 e-flex e-con-boxed e-con e-parent\" data-id=\"55341f25\" data-element_type=\"container\" data-e-type=\"container\">\n\t\t\t\t\t<div class=\"e-con-inner\">\n\t\t\t\t<div class=\"elementor-element elementor-element-1bf4cb4 elementor-widget elementor-widget-text-editor\" data-id=\"1bf4cb4\" data-element_type=\"widget\" data-e-type=\"widget\" data-widget_type=\"text-editor.default\">\n\t\t\t\t<div class=\"elementor-widget-container\">\n\t\t\t\t\t\t\t\t\t<table>\r\n<tbody>\r\n<tr>\r\n<td style=\"background-color: #dff5ff;\">\r\n<h2 style=\"text-align: center;\">\u00bfQu\u00e9 es el S\u00edndrome de Asperger?<\/h2>\r\n<\/td>\r\n<\/tr>\r\n<\/tbody>\r\n<\/table>\r\n<p style=\"text-align: justify;\"><span style=\"font-size: 12px;\">Es un trastorno del desarrollo cerebral muy frecuente (de 3 a 7 por cada 1.000 ni\u00f1os de 7 a 16 a\u00f1os), que afecta m\u00e1s a los ni\u00f1os que a las ni\u00f1as y que al ser recientemente reconocido por la comunidad cient\u00edfica (Manual Estad\u00edstico de Diagn\u00f3stico de Trastornos Mentales en su cuarta edici\u00f3n en 1994 de la Asociaci\u00f3n Psiqui\u00e1trica Americana [DSM-4: Diagnostic and Statistical Manual]) es un desconocido entre la poblaci\u00f3n general e incluso por muchos profesionales.<\/span><\/p>\r\n<p style=\"text-align: justify;\"><span style=\"font-size: 12px;\">La persona que lo padece tiene un aspecto externo normal, suele ser inteligente y no tiene retraso en la adquisici\u00f3n del habla, pero tiene problemas para relacionarse con los dem\u00e1s y presentan comportamientos inadecuados. Los padres suelen percibir esta diferencia entre los 2 y los 7 a\u00f1os, buscando una ayuda que en muchas ocasiones no es la apropiada.<\/span><\/p>\r\n<p style=\"text-align: justify;\"><span style=\"font-size: 12px;\">Imaginemos por un momento que fu\u00e9semos conscientes de los objetos f\u00edsicos, pero ciegos a la existencia de \u201cobjetos mentales\u201d. Es decir, ciegos a los objetos tales como pensamientos, creencias, conocimientos, deseos e intenciones, que constituyen la base del \u00a0comportamiento humano. La persona con S\u00edndrome de Asperger sufre lo que se ha venido en llamar \u00a0\u00abceguera mental\u00bb.<\/span><\/p>\r\n<p style=\"text-align: justify;\"><span style=\"font-size: 12px;\">Estas personas encuentran grandes dificultades para descifrar los c\u00f3digos de interacci\u00f3n social, dir\u00edamos que carecen del \u201csentido social\u201d. Necesitan aprender de forma explicita las normas de nuestra sociedad,\u00a0 los c\u00f3digos sociales que\u00a0 nos permiten comprender el mundo en el que vivimos y participar en la vida social.<\/span><\/p>\r\n<p style=\"text-align: justify;\"><span style=\"font-size: 12px;\">Sus mayores dificultades\u00a0se dan alrededor de la comunicaci\u00f3n con las personas, los intereses comunes, los juegos compartidos, las relaciones de amistad, la adecuaci\u00f3n de sus conductas, la falta de empat\u00eda &#8230;<\/span><\/p>\r\n<p style=\"text-align: justify;\"><span style=\"font-size: 12px;\">A pesar de ello son nobles, con un gran coraz\u00f3n, una bondad sin l\u00edmites, fieles, sinceros, y un sinf\u00edn de valores que podemos descubrir con tan s\u00f3lo mirar un poquito en su interior. Ni\u00f1os y ni\u00f1as, hombres y mujeres diferentes, que han nacido marcados por una discapacidad invisible, que en muchas ocasiones les proporcionar\u00e1 a ellos y a sus familiares problemas, sufrimiento y soledad.<\/span><\/p>\r\n<p style=\"text-align: justify;\"><span style=\"font-size: 12px;\">Todos ellos luchan sin descanso, con la esperanza de conseguir un futuro m\u00e1s amable en el que puedan comprender el complejo mundo de los seres humanos y ser aceptados tal como son.<\/span><\/p>\r\n\r\n<table width=\"37%\">\r\n<tbody>\r\n<tr>\r\n<td style=\"background-color: #dff5ff;\">\r\n<h2 style=\"text-align: center;\">Art\u00edculos<\/h2>\r\n<\/td>\r\n<\/tr>\r\n<tr>\r\n<td><span style=\"font-size: 14px;\"><a href=\"https:\/\/www.aspergeraragon.org.es\/wordpress\/?page_id=1195&amp;preview_id=1195&amp;preview_nonce=a8cd28fc31&amp;_thumbnail_id=-1&amp;preview=true\" target=\"_blank\" rel=\"noopener\">El t\u00e9rmino Asperger<\/a><\/span><\/td>\r\n<\/tr>\r\n<tr>\r\n<td><span style=\"font-size: 14px;\"><a href=\"https:\/\/www.aspergeraragon.org.es\/wordpress\/wp-content\/uploads\/2017\/01\/SINDROME-DE-ASPERGER.pdf\" target=\"_blank\" rel=\"noopener\">S\u00edndrome de Asperger<\/a><\/span><\/td>\r\n<\/tr>\r\n<tr>\r\n<td><span style=\"font-size: 14px;\"><a href=\"https:\/\/www.aspergeraragon.org.es\/wordpress\/wp-content\/uploads\/2017\/01\/ALGUNAS-CARACTERISTICAS.pdf\" target=\"_blank\" rel=\"noopener\">Algunas caracter\u00edsticas<\/a><\/span><\/td>\r\n<\/tr>\r\n<tr>\r\n<td><span style=\"font-size: 14px;\"><a href=\"https:\/\/www.aspergeraragon.org.es\/wordpress\/wp-content\/uploads\/2017\/01\/DIAGNOSTICO-ASPERGER.pdf\" target=\"_blank\" rel=\"noopener\">Criterios diagn\u00f3stico<\/a><\/span><\/td>\r\n<\/tr>\r\n<tr>\r\n<td><span style=\"font-size: 14px;\"><a href=\"https:\/\/www.aspergeraragon.org.es\/wordpress\/wp-content\/uploads\/2017\/01\/ESCALA-AUSTRALIANA.pdf\" target=\"_blank\" rel=\"noopener\">Escala Australiana<\/a><\/span><\/td>\r\n<\/tr>\r\n<\/tbody>\r\n<\/table>\r\n&nbsp;\t\t\t\t\t\t\t\t<\/div>\n\t\t\t\t<\/div>\n\t\t\t\t\t<\/div>\n\t\t\t\t<\/div>\n\t\t<div class=\"elementor-element elementor-element-7403c4a e-flex e-con-boxed e-con e-parent\" data-id=\"7403c4a\" data-element_type=\"container\" data-e-type=\"container\">\n\t\t\t\t\t<div class=\"e-con-inner\">\n\t\t<a class=\"elementor-element elementor-element-c74e949 e-con-full e-flex e-con e-child\" data-id=\"c74e949\" data-element_type=\"container\" data-e-type=\"container\" href=\"https:\/\/www.aspergeraragon.org.es\/wordpress\/?page_id=173\">\n\t\t\t\t<div class=\"elementor-element elementor-element-e106fd1 elementor-widget elementor-widget-heading\" data-id=\"e106fd1\" data-element_type=\"widget\" data-e-type=\"widget\" data-widget_type=\"heading.default\">\n\t\t\t\t<div class=\"elementor-widget-container\">\n\t\t\t\t\t<h3 class=\"elementor-heading-title elementor-size-default\">Articulos<\/h3>\t\t\t\t<\/div>\n\t\t\t\t<\/div>\n\t\t\t\t<div class=\"elementor-element elementor-element-11c2e6f elementor-widget elementor-widget-image\" data-id=\"11c2e6f\" data-element_type=\"widget\" data-e-type=\"widget\" data-widget_type=\"image.default\">\n\t\t\t\t<div class=\"elementor-widget-container\">\n\t\t\t\t\t\t\t\t\t\t\t\t\t\t\t<img fetchpriority=\"high\" decoding=\"async\" width=\"640\" height=\"545\" src=\"https:\/\/www.aspergeraragon.org.es\/wordpress\/wp-content\/uploads\/2024\/07\/Articulos.png\" class=\"attachment-large size-large wp-image-2090\" alt=\"\" srcset=\"https:\/\/www.aspergeraragon.org.es\/wordpress\/wp-content\/uploads\/2024\/07\/Articulos.png 872w, https:\/\/www.aspergeraragon.org.es\/wordpress\/wp-content\/uploads\/2024\/07\/Articulos-300x255.png 300w, https:\/\/www.aspergeraragon.org.es\/wordpress\/wp-content\/uploads\/2024\/07\/Articulos-768x654.png 768w\" sizes=\"(max-width: 640px) 100vw, 640px\" \/>\t\t\t\t\t\t\t\t\t\t\t\t\t\t\t<\/div>\n\t\t\t\t<\/div>\n\t\t\t\t<\/a>\n\t\t<a class=\"elementor-element elementor-element-cef6e2f e-con-full e-flex e-con e-child\" data-id=\"cef6e2f\" data-element_type=\"container\" data-e-type=\"container\" href=\"https:\/\/www.aspergeraragon.org.es\/wordpress\/?page_id=167\">\n\t\t\t\t<div class=\"elementor-element elementor-element-41ac323 elementor-widget elementor-widget-heading\" data-id=\"41ac323\" data-element_type=\"widget\" data-e-type=\"widget\" data-widget_type=\"heading.default\">\n\t\t\t\t<div class=\"elementor-widget-container\">\n\t\t\t\t\t<h3 class=\"elementor-heading-title elementor-size-default\">Libros<\/h3>\t\t\t\t<\/div>\n\t\t\t\t<\/div>\n\t\t\t\t<div class=\"elementor-element elementor-element-7a85fbf elementor-widget elementor-widget-image\" data-id=\"7a85fbf\" data-element_type=\"widget\" data-e-type=\"widget\" data-widget_type=\"image.default\">\n\t\t\t\t<div class=\"elementor-widget-container\">\n\t\t\t\t\t\t\t\t\t\t\t\t\t\t\t<img decoding=\"async\" width=\"640\" height=\"640\" src=\"https:\/\/www.aspergeraragon.org.es\/wordpress\/wp-content\/uploads\/2024\/07\/Libros.jpg\" class=\"attachment-large size-large wp-image-2089\" alt=\"\" srcset=\"https:\/\/www.aspergeraragon.org.es\/wordpress\/wp-content\/uploads\/2024\/07\/Libros.jpg 980w, https:\/\/www.aspergeraragon.org.es\/wordpress\/wp-content\/uploads\/2024\/07\/Libros-300x300.jpg 300w, https:\/\/www.aspergeraragon.org.es\/wordpress\/wp-content\/uploads\/2024\/07\/Libros-150x150.jpg 150w, https:\/\/www.aspergeraragon.org.es\/wordpress\/wp-content\/uploads\/2024\/07\/Libros-768x768.jpg 768w\" sizes=\"(max-width: 640px) 100vw, 640px\" \/>\t\t\t\t\t\t\t\t\t\t\t\t\t\t\t<\/div>\n\t\t\t\t<\/div>\n\t\t\t\t<\/a>\n\t\t<a class=\"elementor-element elementor-element-516096b e-con-full e-flex e-con e-child\" data-id=\"516096b\" data-element_type=\"container\" data-e-type=\"container\" href=\"https:\/\/www.aspergeraragon.org.es\/wordpress\/?page_id=176\">\n\t\t\t\t<div class=\"elementor-element elementor-element-7a0d8bc elementor-widget elementor-widget-heading\" data-id=\"7a0d8bc\" data-element_type=\"widget\" data-e-type=\"widget\" data-widget_type=\"heading.default\">\n\t\t\t\t<div class=\"elementor-widget-container\">\n\t\t\t\t\t<h3 class=\"elementor-heading-title elementor-size-default\">Multimedia<\/h3>\t\t\t\t<\/div>\n\t\t\t\t<\/div>\n\t\t\t\t<div class=\"elementor-element elementor-element-b61213d elementor-widget elementor-widget-image\" data-id=\"b61213d\" data-element_type=\"widget\" data-e-type=\"widget\" data-widget_type=\"image.default\">\n\t\t\t\t<div class=\"elementor-widget-container\">\n\t\t\t\t\t\t\t\t\t\t\t\t\t\t\t<img decoding=\"async\" width=\"512\" height=\"512\" src=\"https:\/\/www.aspergeraragon.org.es\/wordpress\/wp-content\/uploads\/2024\/07\/Multiemdia.png\" class=\"attachment-large size-large wp-image-2104\" alt=\"\" srcset=\"https:\/\/www.aspergeraragon.org.es\/wordpress\/wp-content\/uploads\/2024\/07\/Multiemdia.png 512w, https:\/\/www.aspergeraragon.org.es\/wordpress\/wp-content\/uploads\/2024\/07\/Multiemdia-300x300.png 300w, https:\/\/www.aspergeraragon.org.es\/wordpress\/wp-content\/uploads\/2024\/07\/Multiemdia-150x150.png 150w\" sizes=\"(max-width: 512px) 100vw, 512px\" \/>\t\t\t\t\t\t\t\t\t\t\t\t\t\t\t<\/div>\n\t\t\t\t<\/div>\n\t\t\t\t<\/a>\n\t\t\t\t\t<\/div>\n\t\t\t\t<\/div>\n\t\t\t\t<\/div>\n\t\t","protected":false},"excerpt":{"rendered":"<p>\u00bfQu\u00e9 es el S\u00edndrome de Asperger? Es un trastorno del desarrollo cerebral muy frecuente (de 3 a 7 por cada 1.000 ni\u00f1os de 7 a 16 a\u00f1os), que afecta m\u00e1s a los ni\u00f1os que a las ni\u00f1as y que al &hellip; <a href=\"https:\/\/www.aspergeraragon.org.es\/wordpress\/?page_id=201\">Sigue leyendo <span class=\"meta-nav\">&rarr;<\/span><\/a><\/p>\n","protected":false},"author":1,"featured_media":0,"parent":0,"menu_order":0,"comment_status":"closed","ping_status":"closed","template":"onecolumn-page.php","meta":{"footnotes":""},"class_list":["post-201","page","type-page","status-publish","hentry"],"jetpack_sharing_enabled":true,"_links":{"self":[{"href":"https:\/\/www.aspergeraragon.org.es\/wordpress\/index.php?rest_route=\/wp\/v2\/pages\/201","targetHints":{"allow":["GET"]}}],"collection":[{"href":"https:\/\/www.aspergeraragon.org.es\/wordpress\/index.php?rest_route=\/wp\/v2\/pages"}],"about":[{"href":"https:\/\/www.aspergeraragon.org.es\/wordpress\/index.php?rest_route=\/wp\/v2\/types\/page"}],"author":[{"embeddable":true,"href":"https:\/\/www.aspergeraragon.org.es\/wordpress\/index.php?rest_route=\/wp\/v2\/users\/1"}],"replies":[{"embeddable":true,"href":"https:\/\/www.aspergeraragon.org.es\/wordpress\/index.php?rest_route=%2Fwp%2Fv2%2Fcomments&post=201"}],"version-history":[{"count":25,"href":"https:\/\/www.aspergeraragon.org.es\/wordpress\/index.php?rest_route=\/wp\/v2\/pages\/201\/revisions"}],"predecessor-version":[{"id":2108,"href":"https:\/\/www.aspergeraragon.org.es\/wordpress\/index.php?rest_route=\/wp\/v2\/pages\/201\/revisions\/2108"}],"wp:attachment":[{"href":"https:\/\/www.aspergeraragon.org.es\/wordpress\/index.php?rest_route=%2Fwp%2Fv2%2Fmedia&parent=201"}],"curies":[{"name":"wp","href":"https:\/\/api.w.org\/{rel}","templated":true}]}}