{"id":1830,"date":"2022-06-17T11:22:53","date_gmt":"2022-06-17T10:22:53","guid":{"rendered":"https:\/\/www.aspergeraragon.org.es\/?page_id=1830"},"modified":"2024-07-29T10:19:40","modified_gmt":"2024-07-29T09:19:40","slug":"asociacion-2","status":"publish","type":"page","link":"https:\/\/www.aspergeraragon.org.es\/wordpress\/?page_id=1830","title":{"rendered":"ASOCIACI\u00d3N"},"content":{"rendered":"\t\t<div data-elementor-type=\"wp-page\" data-elementor-id=\"1830\" class=\"elementor elementor-1830\">\n\t\t\t\t<div class=\"elementor-element elementor-element-09cbd15 e-flex e-con-boxed e-con e-parent\" data-id=\"09cbd15\" data-element_type=\"container\" data-e-type=\"container\">\n\t\t\t\t\t<div class=\"e-con-inner\">\n\t\t\t\t<div class=\"elementor-element elementor-element-b6416f5 elementor-widget elementor-widget-heading\" data-id=\"b6416f5\" data-element_type=\"widget\" data-e-type=\"widget\" data-widget_type=\"heading.default\">\n\t\t\t\t<div class=\"elementor-widget-container\">\n\t\t\t\t\t<h3 class=\"elementor-heading-title elementor-size-default\">Objetivos<\/h3>\t\t\t\t<\/div>\n\t\t\t\t<\/div>\n\t\t\t\t<div class=\"elementor-element elementor-element-9183161 elementor-widget elementor-widget-image\" data-id=\"9183161\" data-element_type=\"widget\" data-e-type=\"widget\" data-widget_type=\"image.default\">\n\t\t\t\t<div class=\"elementor-widget-container\">\n\t\t\t\t\t\t\t\t\t\t\t\t\t\t\t\t<a href=\"https:\/\/www.aspergeraragon.org.es\/wordpress\/?page_id=164\">\n\t\t\t\t\t\t\t<img fetchpriority=\"high\" decoding=\"async\" width=\"300\" height=\"259\" src=\"https:\/\/www.aspergeraragon.org.es\/wordpress\/wp-content\/uploads\/2024\/07\/Objetivos.png\" class=\"attachment-medium size-medium wp-image-2087\" alt=\"\" \/>\t\t\t\t\t\t\t\t<\/a>\n\t\t\t\t\t\t\t\t\t\t\t\t\t\t\t<\/div>\n\t\t\t\t<\/div>\n\t\t\t\t<div class=\"elementor-element elementor-element-2e065f6 elementor-widget elementor-widget-heading\" data-id=\"2e065f6\" data-element_type=\"widget\" data-e-type=\"widget\" data-widget_type=\"heading.default\">\n\t\t\t\t<div class=\"elementor-widget-container\">\n\t\t\t\t\t<h3 class=\"elementor-heading-title elementor-size-default\">Servicios<\/h3>\t\t\t\t<\/div>\n\t\t\t\t<\/div>\n\t\t\t\t<div class=\"elementor-element elementor-element-666a70a elementor-widget elementor-widget-image\" data-id=\"666a70a\" data-element_type=\"widget\" data-e-type=\"widget\" data-widget_type=\"image.default\">\n\t\t\t\t<div class=\"elementor-widget-container\">\n\t\t\t\t\t\t\t\t\t\t\t\t\t\t\t\t<a href=\"https:\/\/www.aspergeraragon.org.es\/wordpress\/?page_id=161\">\n\t\t\t\t\t\t\t<img decoding=\"async\" width=\"300\" height=\"200\" src=\"https:\/\/www.aspergeraragon.org.es\/wordpress\/wp-content\/uploads\/2024\/07\/HandsinaCircle08.16.2022-1024x683-1-300x200.jpg\" class=\"attachment-medium size-medium wp-image-2092\" alt=\"\" srcset=\"https:\/\/www.aspergeraragon.org.es\/wordpress\/wp-content\/uploads\/2024\/07\/HandsinaCircle08.16.2022-1024x683-1-300x200.jpg 300w, https:\/\/www.aspergeraragon.org.es\/wordpress\/wp-content\/uploads\/2024\/07\/HandsinaCircle08.16.2022-1024x683-1-768x512.jpg 768w, https:\/\/www.aspergeraragon.org.es\/wordpress\/wp-content\/uploads\/2024\/07\/HandsinaCircle08.16.2022-1024x683-1.jpg 1024w\" sizes=\"(max-width: 300px) 100vw, 300px\" \/>\t\t\t\t\t\t\t\t<\/a>\n\t\t\t\t\t\t\t\t\t\t\t\t\t\t\t<\/div>\n\t\t\t\t<\/div>\n\t\t\t\t<div class=\"elementor-element elementor-element-5be3c36 elementor-widget elementor-widget-heading\" data-id=\"5be3c36\" data-element_type=\"widget\" data-e-type=\"widget\" data-widget_type=\"heading.default\">\n\t\t\t\t<div class=\"elementor-widget-container\">\n\t\t\t\t\t<h3 class=\"elementor-heading-title elementor-size-default\">Actividades<\/h3>\t\t\t\t<\/div>\n\t\t\t\t<\/div>\n\t\t\t\t<div class=\"elementor-element elementor-element-642db6f elementor-widget elementor-widget-image\" data-id=\"642db6f\" data-element_type=\"widget\" data-e-type=\"widget\" data-widget_type=\"image.default\">\n\t\t\t\t<div class=\"elementor-widget-container\">\n\t\t\t\t\t\t\t\t\t\t\t\t\t\t\t\t<a href=\"https:\/\/www.aspergeraragon.org.es\/wordpress\/?page_id=1845\">\n\t\t\t\t\t\t\t<img decoding=\"async\" width=\"300\" height=\"300\" src=\"https:\/\/www.aspergeraragon.org.es\/wordpress\/wp-content\/uploads\/2024\/07\/Tranversales-1-1-300x300.png\" class=\"attachment-medium size-medium wp-image-2034\" alt=\"\" srcset=\"https:\/\/www.aspergeraragon.org.es\/wordpress\/wp-content\/uploads\/2024\/07\/Tranversales-1-1-300x300.png 300w, https:\/\/www.aspergeraragon.org.es\/wordpress\/wp-content\/uploads\/2024\/07\/Tranversales-1-1-1024x1024.png 1024w, https:\/\/www.aspergeraragon.org.es\/wordpress\/wp-content\/uploads\/2024\/07\/Tranversales-1-1-150x150.png 150w, https:\/\/www.aspergeraragon.org.es\/wordpress\/wp-content\/uploads\/2024\/07\/Tranversales-1-1-768x768.png 768w, https:\/\/www.aspergeraragon.org.es\/wordpress\/wp-content\/uploads\/2024\/07\/Tranversales-1-1.png 1080w\" sizes=\"(max-width: 300px) 100vw, 300px\" \/>\t\t\t\t\t\t\t\t<\/a>\n\t\t\t\t\t\t\t\t\t\t\t\t\t\t\t<\/div>\n\t\t\t\t<\/div>\n\t\t\t\t<div class=\"elementor-element elementor-element-4ece63e elementor-widget elementor-widget-heading\" data-id=\"4ece63e\" data-element_type=\"widget\" data-e-type=\"widget\" data-widget_type=\"heading.default\">\n\t\t\t\t<div class=\"elementor-widget-container\">\n\t\t\t\t\t<h3 class=\"elementor-heading-title elementor-size-default\">Eventos<\/h3>\t\t\t\t<\/div>\n\t\t\t\t<\/div>\n\t\t\t\t<div class=\"elementor-element elementor-element-380e4c3 elementor-widget elementor-widget-image\" data-id=\"380e4c3\" data-element_type=\"widget\" data-e-type=\"widget\" data-widget_type=\"image.default\">\n\t\t\t\t<div class=\"elementor-widget-container\">\n\t\t\t\t\t\t\t\t\t\t\t\t\t\t\t\t<a href=\"https:\/\/www.aspergeraragon.org.es\/wordpress\/?page_id=186\">\n\t\t\t\t\t\t\t<img loading=\"lazy\" decoding=\"async\" width=\"300\" height=\"300\" src=\"https:\/\/www.aspergeraragon.org.es\/wordpress\/wp-content\/uploads\/2024\/07\/Calendario-300x300.jpg\" class=\"attachment-medium size-medium wp-image-2091\" alt=\"\" srcset=\"https:\/\/www.aspergeraragon.org.es\/wordpress\/wp-content\/uploads\/2024\/07\/Calendario-300x300.jpg 300w, https:\/\/www.aspergeraragon.org.es\/wordpress\/wp-content\/uploads\/2024\/07\/Calendario-1024x1024.jpg 1024w, https:\/\/www.aspergeraragon.org.es\/wordpress\/wp-content\/uploads\/2024\/07\/Calendario-150x150.jpg 150w, https:\/\/www.aspergeraragon.org.es\/wordpress\/wp-content\/uploads\/2024\/07\/Calendario-768x768.jpg 768w, https:\/\/www.aspergeraragon.org.es\/wordpress\/wp-content\/uploads\/2024\/07\/Calendario-1536x1536.jpg 1536w, https:\/\/www.aspergeraragon.org.es\/wordpress\/wp-content\/uploads\/2024\/07\/Calendario-2048x2048.jpg 2048w\" sizes=\"(max-width: 300px) 100vw, 300px\" \/>\t\t\t\t\t\t\t\t<\/a>\n\t\t\t\t\t\t\t\t\t\t\t\t\t\t\t<\/div>\n\t\t\t\t<\/div>\n\t\t\t\t<div class=\"elementor-element elementor-element-510cdd0 elementor-widget elementor-widget-heading\" data-id=\"510cdd0\" data-element_type=\"widget\" data-e-type=\"widget\" data-widget_type=\"heading.default\">\n\t\t\t\t<div class=\"elementor-widget-container\">\n\t\t\t\t\t<h3 class=\"elementor-heading-title elementor-size-default\">Biblioteca<\/h3>\t\t\t\t<\/div>\n\t\t\t\t<\/div>\n\t\t\t\t<div class=\"elementor-element elementor-element-f2aa776 elementor-widget elementor-widget-image\" data-id=\"f2aa776\" data-element_type=\"widget\" data-e-type=\"widget\" data-widget_type=\"image.default\">\n\t\t\t\t<div class=\"elementor-widget-container\">\n\t\t\t\t\t\t\t\t\t\t\t\t\t\t\t\t<a href=\"https:\/\/www.aspergeraragon.org.es\/wordpress\/?page_id=577\">\n\t\t\t\t\t\t\t<img loading=\"lazy\" decoding=\"async\" width=\"640\" height=\"350\" src=\"https:\/\/www.aspergeraragon.org.es\/wordpress\/wp-content\/uploads\/2024\/07\/Biblioteca.jpg\" class=\"attachment-medium_large size-medium_large wp-image-2086\" alt=\"\" srcset=\"https:\/\/www.aspergeraragon.org.es\/wordpress\/wp-content\/uploads\/2024\/07\/Biblioteca.jpg 750w, https:\/\/www.aspergeraragon.org.es\/wordpress\/wp-content\/uploads\/2024\/07\/Biblioteca-300x164.jpg 300w\" sizes=\"(max-width: 640px) 100vw, 640px\" \/>\t\t\t\t\t\t\t\t<\/a>\n\t\t\t\t\t\t\t\t\t\t\t\t\t\t\t<\/div>\n\t\t\t\t<\/div>\n\t\t\t\t\t<\/div>\n\t\t\t\t<\/div>\n\t\t<div class=\"elementor-element elementor-element-5e3784d2 e-flex e-con-boxed e-con e-parent\" data-id=\"5e3784d2\" data-element_type=\"container\" data-e-type=\"container\">\n\t\t\t\t\t<div class=\"e-con-inner\">\n\t\t\t\t<div class=\"elementor-element elementor-element-5f96d7a9 elementor-widget elementor-widget-text-editor\" data-id=\"5f96d7a9\" data-element_type=\"widget\" data-e-type=\"widget\" data-widget_type=\"text-editor.default\">\n\t\t\t\t<div class=\"elementor-widget-container\">\n\t\t\t\t\t\t\t\t\t<h1 style=\"text-align: center;\">\u00a0<\/h1><p style=\"text-align: center;\"><em><a href=\"mailto:info@aspergeraragon.org.es?subject=Quiero%20informacion%20sobre%20Asperger%20Aragon\">Quiero m\u00e1s informaci\u00f3n sobre la asociaci\u00f3n<\/a><\/em><\/p>\t\t\t\t\t\t\t\t<\/div>\n\t\t\t\t<\/div>\n\t\t\t\t\t<\/div>\n\t\t\t\t<\/div>\n\t\t\t\t<\/div>\n\t\t","protected":false},"excerpt":{"rendered":"<p>Objetivos Servicios Actividades Eventos Biblioteca \u00a0 Quiero m\u00e1s informaci\u00f3n sobre la asociaci\u00f3n<\/p>\n","protected":false},"author":1,"featured_media":0,"parent":0,"menu_order":0,"comment_status":"closed","ping_status":"closed","template":"","meta":{"footnotes":""},"class_list":["post-1830","page","type-page","status-publish","hentry"],"jetpack_sharing_enabled":true,"_links":{"self":[{"href":"https:\/\/www.aspergeraragon.org.es\/wordpress\/index.php?rest_route=\/wp\/v2\/pages\/1830","targetHints":{"allow":["GET"]}}],"collection":[{"href":"https:\/\/www.aspergeraragon.org.es\/wordpress\/index.php?rest_route=\/wp\/v2\/pages"}],"about":[{"href":"https:\/\/www.aspergeraragon.org.es\/wordpress\/index.php?rest_route=\/wp\/v2\/types\/page"}],"author":[{"embeddable":true,"href":"https:\/\/www.aspergeraragon.org.es\/wordpress\/index.php?rest_route=\/wp\/v2\/users\/1"}],"replies":[{"embeddable":true,"href":"https:\/\/www.aspergeraragon.org.es\/wordpress\/index.php?rest_route=%2Fwp%2Fv2%2Fcomments&post=1830"}],"version-history":[{"count":9,"href":"https:\/\/www.aspergeraragon.org.es\/wordpress\/index.php?rest_route=\/wp\/v2\/pages\/1830\/revisions"}],"predecessor-version":[{"id":2095,"href":"https:\/\/www.aspergeraragon.org.es\/wordpress\/index.php?rest_route=\/wp\/v2\/pages\/1830\/revisions\/2095"}],"wp:attachment":[{"href":"https:\/\/www.aspergeraragon.org.es\/wordpress\/index.php?rest_route=%2Fwp%2Fv2%2Fmedia&parent=1830"}],"curies":[{"name":"wp","href":"https:\/\/api.w.org\/{rel}","templated":true}]}}