{"id":1811,"date":"2022-06-14T09:19:12","date_gmt":"2022-06-14T08:19:12","guid":{"rendered":"https:\/\/www.aspergeraragon.org.es\/?page_id=1811"},"modified":"2022-08-31T15:00:18","modified_gmt":"2022-08-31T14:00:18","slug":"contacto","status":"publish","type":"page","link":"https:\/\/www.aspergeraragon.org.es\/wordpress\/?page_id=1811","title":{"rendered":"REDES"},"content":{"rendered":"<p>&nbsp;<\/p>\n<p>Puedes seguir nuestra actividad y otras noticias relacionadas con el S\u00edndrome de Asperger, Arag\u00f3n y otras entidades sociales en nuestras redes sociales:<\/p>\n<p><a href=\"https:\/\/www.facebook.com\/aspergerenaragon\"><img decoding=\"async\" class=\"aligncenter wp-image-1813\" src=\"https:\/\/www.aspergeraragon.org.es\/wordpress\/wp-content\/uploads\/2022\/06\/facebook-logo-png.webp\" alt=\"\" width=\"43\" height=\"43\" srcset=\"https:\/\/www.aspergeraragon.org.es\/wordpress\/wp-content\/uploads\/2022\/06\/facebook-logo-png.webp 1600w, https:\/\/www.aspergeraragon.org.es\/wordpress\/wp-content\/uploads\/2022\/06\/facebook-logo-png-300x300.webp 300w, https:\/\/www.aspergeraragon.org.es\/wordpress\/wp-content\/uploads\/2022\/06\/facebook-logo-png-1024x1024.webp 1024w, https:\/\/www.aspergeraragon.org.es\/wordpress\/wp-content\/uploads\/2022\/06\/facebook-logo-png-150x150.webp 150w, https:\/\/www.aspergeraragon.org.es\/wordpress\/wp-content\/uploads\/2022\/06\/facebook-logo-png-768x768.webp 768w, https:\/\/www.aspergeraragon.org.es\/wordpress\/wp-content\/uploads\/2022\/06\/facebook-logo-png-1536x1536.webp 1536w\" sizes=\"(max-width: 43px) 100vw, 43px\" \/><\/a><\/p>\n<p>&nbsp;<\/p>\n<p><a href=\"https:\/\/www.instagram.com\/aspergeraragon\/\">f<img decoding=\"async\" class=\"aligncenter wp-image-1814\" src=\"https:\/\/www.aspergeraragon.org.es\/wordpress\/wp-content\/uploads\/2022\/06\/OIP.jpeg\" alt=\"\" width=\"48\" height=\"48\" srcset=\"https:\/\/www.aspergeraragon.org.es\/wordpress\/wp-content\/uploads\/2022\/06\/OIP.jpeg 474w, https:\/\/www.aspergeraragon.org.es\/wordpress\/wp-content\/uploads\/2022\/06\/OIP-300x300.jpeg 300w, https:\/\/www.aspergeraragon.org.es\/wordpress\/wp-content\/uploads\/2022\/06\/OIP-150x150.jpeg 150w\" sizes=\"(max-width: 48px) 100vw, 48px\" \/><\/a><\/p>\n<p style=\"text-align: center;\"><em><a href=\"mailto:info@aspergeraragon.org.es?subject=Contacto%20desde%20la%20web\">Quiero contactar a trav\u00e9s de email<\/a><\/em><\/p>\n","protected":false},"excerpt":{"rendered":"<p>&nbsp; Puedes seguir nuestra actividad y otras noticias relacionadas con el S\u00edndrome de Asperger, Arag\u00f3n y otras entidades sociales en nuestras redes sociales: &nbsp; f Quiero contactar a trav\u00e9s de email<\/p>\n","protected":false},"author":1,"featured_media":0,"parent":0,"menu_order":6,"comment_status":"closed","ping_status":"closed","template":"","meta":{"footnotes":""},"class_list":["post-1811","page","type-page","status-publish","hentry"],"jetpack_sharing_enabled":true,"_links":{"self":[{"href":"https:\/\/www.aspergeraragon.org.es\/wordpress\/index.php?rest_route=\/wp\/v2\/pages\/1811","targetHints":{"allow":["GET"]}}],"collection":[{"href":"https:\/\/www.aspergeraragon.org.es\/wordpress\/index.php?rest_route=\/wp\/v2\/pages"}],"about":[{"href":"https:\/\/www.aspergeraragon.org.es\/wordpress\/index.php?rest_route=\/wp\/v2\/types\/page"}],"author":[{"embeddable":true,"href":"https:\/\/www.aspergeraragon.org.es\/wordpress\/index.php?rest_route=\/wp\/v2\/users\/1"}],"replies":[{"embeddable":true,"href":"https:\/\/www.aspergeraragon.org.es\/wordpress\/index.php?rest_route=%2Fwp%2Fv2%2Fcomments&post=1811"}],"version-history":[{"count":5,"href":"https:\/\/www.aspergeraragon.org.es\/wordpress\/index.php?rest_route=\/wp\/v2\/pages\/1811\/revisions"}],"predecessor-version":[{"id":1881,"href":"https:\/\/www.aspergeraragon.org.es\/wordpress\/index.php?rest_route=\/wp\/v2\/pages\/1811\/revisions\/1881"}],"wp:attachment":[{"href":"https:\/\/www.aspergeraragon.org.es\/wordpress\/index.php?rest_route=%2Fwp%2Fv2%2Fmedia&parent=1811"}],"curies":[{"name":"wp","href":"https:\/\/api.w.org\/{rel}","templated":true}]}}