{"id":179,"date":"2016-12-05T20:11:16","date_gmt":"2016-12-05T19:11:16","guid":{"rendered":"http:\/\/www.aspergeraragon.org.es\/wordpress\/?page_id=179"},"modified":"2018-01-15T22:14:04","modified_gmt":"2018-01-15T21:14:04","slug":"enlaces","status":"publish","type":"page","link":"https:\/\/www.aspergeraragon.org.es\/wordpress\/?page_id=179","title":{"rendered":"Enlaces"},"content":{"rendered":"<table id=\"table1\" border=\"0\" width=\"85%\" cellpadding=\"0\">\n<tbody>\n<tr>\n<td style=\"background-color: #dff5ff; width: 100%;\" width=\"100%\">\n<h2 style=\"text-align: center;\">\u00a0 Asperger Espa\u00f1a<\/h2>\n<\/td>\n<\/tr>\n<tr style=\"height: 72px;\">\n<td style=\"height: 72px; text-align: justify;\" width=\"100%\"><span style=\"font-size: 12px;\"><span style=\"color: #ff6600;\"><a href=\"http:\/\/www.federacionasperger.es\/\" target=\"_blank\" rel=\"noopener\">Federaci\u00f3n Asperger Espa\u00f1a<\/a>\u00a0<\/span> Recoge abundante informaci\u00f3n sobre el S. de Asperger, enlaces e informaci\u00f3n sobre todas las Asociaciones Regionales, eventos en Espa\u00f1a y en\u00a0otros pa\u00edses,\u00a0numerosos enlaces de inter\u00e9s, art\u00edculos, bibliograf\u00eda&#8230;.<\/span><\/td>\n<\/tr>\n<tr style=\"height: 24px;\">\n<td style=\"width: 100%; height: 24px; text-align: justify;\" width=\"100%\"><span style=\"font-size: 12px;\"> <a href=\"http:\/\/es.groups.yahoo.com\/group\/ASPERGER_CASTELLANO\" target=\"_blank\" rel=\"noopener\"><span style=\"color: #ff6600;\"><span style=\"color: #0000ff;\">Grupo de noticias Asperger \u2013Castellano<\/span><\/span><\/a><\/span><\/td>\n<\/tr>\n<tr>\n<td style=\"background-color: #dff5ff; width: 100%;\" width=\"100%\">\n<h2 style=\"text-align: center;\">P\u00e1ginas del Gobierno de Arag\u00f3n<\/h2>\n<\/td>\n<\/tr>\n<tr style=\"height: 48px;\">\n<td style=\"height: 48px; text-align: justify;\" width=\"100%\"><span style=\"font-size: 12px;\"><span style=\"color: #0000ff;\"><a href=\"http:\/\/www.educaragon.org\/\" target=\"_blank\" rel=\"noopener\">Departamento de Educaci\u00f3n<\/a><\/span> Recoge la legislaci\u00f3n, los centros, las modalidades de escolarizaci\u00f3n, la oferta escolar&#8230;<\/span><\/td>\n<\/tr>\n<tr style=\"height: 48px;\">\n<td style=\"height: 48px; text-align: justify;\" width=\"100%\"><span style=\"font-size: 12px;\"><span style=\"color: #ff6600;\"><a href=\"http:\/\/www.aragon.es\/inaem\" target=\"_blank\" rel=\"noopener\">Instituto Aragon\u00e9s de Empleo<\/a><\/span> Recoge la normativa laboral, las oficinas, las modalidades de empleo, las ofertas de trabajo&#8230;<\/span><\/td>\n<\/tr>\n<tr style=\"height: 24px;\">\n<td style=\"height: 24px; text-align: justify;\" width=\"100%\"><span style=\"font-size: 12px;\"><span style=\"color: #ff6600;\"> <a href=\"http:\/\/www.aragon.es\/sas\" target=\"_blank\" rel=\"noopener\">Servicio Aragon\u00e9s de Salud<\/a> <\/span> Recoge la normativa sanitaria, los centros, los servicios&#8230;<\/span><\/td>\n<\/tr>\n<tr style=\"height: 48px;\">\n<td style=\"height: 48px; text-align: justify;\" width=\"100%\"><span style=\"font-size: 12px;\"> <a href=\"http:\/\/iass.aragon.es\/\" target=\"_blank\" rel=\"noopener\">Instituto Aragon\u00e9s de Servicios Sociales <\/a> Recoge la legislaci\u00f3n, las oficinas, las ayudas, los servicios&#8230;<\/span><\/td>\n<\/tr>\n<tr style=\"height: 48px;\">\n<td style=\"height: 48px; text-align: justify;\" width=\"100%\"><span style=\"font-size: 12px;\"><span style=\"color: #ff6600;\"> <a href=\"http:\/\/www.aragon.es\/DepartamentosOrganismosPublicos\/OOAA\/IASS\/Inicio\/AreasActividad\/Dependencia\/ci.dependencia_seccion_01_sistema_atencion_dependencia.detalleInaem\" target=\"_blank\" rel=\"noopener\">Sistema Aragon\u00e9s de Atenci\u00f3n a la Dependencia<\/a><\/span> Normativa, documentaci\u00f3n, valoraci\u00f3n, servicios &#8230;<\/span><\/td>\n<\/tr>\n<tr>\n<td style=\"background-color: #dff5ff; width: 100%;\" width=\"100%\">\n<h2 style=\"text-align: center;\">P\u00e1ginas profesionales<\/h2>\n<\/td>\n<\/tr>\n<tr style=\"height: 48px;\">\n<td style=\"height: 48px; text-align: justify;\" width=\"100%\"><span style=\"font-size: 12px;\"><span style=\"color: #ff6600;\"><a href=\"http:\/\/www.deletrea.es\/\" target=\"_blank\" rel=\"noopener\">Equipo Deletrea<\/a> <\/span> Equipo de profesionales con una gran experiencia en el diagn\u00f3stico, intervenci\u00f3n y orientaci\u00f3n del S. de Asperger, cuyo director es\u00a0 Juan Martos P\u00e9rez.<\/span><\/td>\n<\/tr>\n<tr style=\"height: 48px;\">\n<td style=\"height: 48px; text-align: justify;\" width=\"100%\"><span style=\"font-size: 12px;\"><span style=\"color: #ff6600;\"> <a href=\"http:\/\/www.aetapi.org\/\" target=\"_blank\" rel=\"noopener\">AETAPI<\/a> <\/span>Organizaci\u00f3n que agrupa a los profesionales especializados en la atenci\u00f3n\u00a0de las personas con Trastorno del Espectro Autista.<\/span><\/td>\n<\/tr>\n<tr>\n<td style=\"background-color: #dff5ff; width: 100%;\" width=\"100%\">\n<h2 style=\"text-align: center;\">P\u00e1ginas de Arag\u00f3n<\/h2>\n<\/td>\n<\/tr>\n<tr style=\"height: 48px;\">\n<td style=\"height: 48px; text-align: justify;\" width=\"100%\"><span lang=\"es\" style=\"font-size: 12px;\"><span style=\"color: #ff6600;\"><a href=\"http:\/\/www.autismoaragon.com\/\" target=\"_blank\" rel=\"noopener\">Asociaci\u00f3n Autismo Arag\u00f3n<\/a><\/span>\u00a0 Asociaci\u00f3n en Arag\u00f3n para personas con autismo y trastornos generalizados del desarrollo. <\/span><\/td>\n<\/tr>\n<tr style=\"height: 72px;\">\n<td style=\"height: 72px; text-align: justify;\" width=\"100%\"><span style=\"font-size: 12px;\"><a href=\"http:\/\/www.psicopedagogia-aragon.com\/\" target=\"_blank\" rel=\"noopener\">Asociaci\u00f3n Aragonesa de Psicopedagog\u00eda<\/a> Asociaci\u00f3n de profesionales alrededor\u00a0del\u00a0mundo de la educaci\u00f3n, art\u00edculos\u00a0\u00a0 sobre psicopedagog\u00eda, experiencias de innovaci\u00f3n, encuentros y seminarios sobre integraci\u00f3n&#8230; <\/span><\/td>\n<\/tr>\n<tr style=\"height: 24px;\">\n<td style=\"height: 24px; text-align: justify;\" valign=\"top\" width=\"100%\"><span style=\"font-size: 12px;\"><span style=\"color: #ff6600;\"> <a href=\"http:\/\/www.cocemfearagon.org\/\" target=\"_blank\" rel=\"noopener\">COCEMFE Arag\u00f3n<\/a> <\/span>Coordinadora de Asociaciones de Discapacidad.<\/span><\/td>\n<\/tr>\n<tr style=\"height: 48px;\">\n<td style=\"height: 48px; text-align: justify;\" width=\"100%\"><span style=\"font-size: 12px;\"><span style=\"color: #ff6600;\"> <a href=\"http:\/\/www.cermiaragon.es\/\" target=\"_blank\" rel=\"noopener\">CERMI Arag\u00f3n<\/a> <\/span>Plataforma de representaci\u00f3n de todas las Asociaciones de discapacidad en Arag\u00f3n<\/span><\/td>\n<\/tr>\n<tr>\n<td style=\"background-color: #dff5ff; width: 100%;\" width=\"100%\">\n<h2 style=\"text-align: center;\">P\u00e1ginas especializadas<\/h2>\n<\/td>\n<\/tr>\n<tr style=\"height: 48px;\">\n<td style=\"height: 48px; text-align: justify;\" width=\"100%\"><span style=\"font-size: 12px;\"><span style=\"color: #ff6600;\"><a href=\"http:\/\/sid.usal.es\/\" target=\"_blank\" rel=\"noopener\">Servicio de Informaci\u00f3n sobre Discapacidad<\/a>\u00a0<\/span> Toda la informaci\u00f3n sobre la discapacidad, actualidad, noticias, normativa, recursos, servicios &#8230;<\/span><\/td>\n<\/tr>\n<tr style=\"height: 48px;\">\n<td style=\"height: 48px; text-align: justify;\" width=\"100%\"><span style=\"font-size: 12px;\"><span lang=\"es\" style=\"color: #0000ff;\"><a href=\"http:\/\/www.discapnet.es\/castellano\/Paginas\/default.aspx\" target=\"_blank\" rel=\"noopener\">Disc@pnet<\/a> <\/span> Informaci\u00f3n sobre legislaci\u00f3n, empleo, servicios, orientaci\u00f3n &#8230;para las personas con discapacidad.<\/span><\/td>\n<\/tr>\n<tr style=\"height: 24px;\">\n<td style=\"height: 24px; text-align: justify;\" width=\"100%\"><span style=\"font-size: 12px;\"><span style=\"color: #ff6600;\"><span lang=\"es\"><a href=\"http:\/\/www.psiquiatria.com\/\" target=\"_blank\" rel=\"noopener\">Psiquiatr\u00eda<\/a><\/span>\u00a0<\/span>Informaci\u00f3n dirigida a\u00a0 profesionales de la salud mental.<\/span><\/td>\n<\/tr>\n<tr style=\"height: 24px;\">\n<td style=\"height: 24px; text-align: justify;\" width=\"100%\"><span style=\"font-size: 12px;\"><a href=\"http:\/\/www.neurologia.com\/\" target=\"_blank\" rel=\"noopener\"><span style=\"color: #ff6600;\"><span style=\"color: #0000ff;\">Neurolog\u00eda<\/span><\/span><\/a> Publicaci\u00f3n de trabajos e investigaciones de neurociencia.<\/span><\/td>\n<\/tr>\n<\/tbody>\n<\/table>\n<p>&nbsp;<\/p>\n","protected":false},"excerpt":{"rendered":"<p>\u00a0 Asperger Espa\u00f1a Federaci\u00f3n Asperger Espa\u00f1a\u00a0 Recoge abundante informaci\u00f3n sobre el S. de Asperger, enlaces e informaci\u00f3n sobre todas las Asociaciones Regionales, eventos en Espa\u00f1a y en\u00a0otros pa\u00edses,\u00a0numerosos enlaces de inter\u00e9s, art\u00edculos, bibliograf\u00eda&#8230;. Grupo de noticias Asperger \u2013Castellano P\u00e1ginas del &hellip; <a href=\"https:\/\/www.aspergeraragon.org.es\/wordpress\/?page_id=179\">Sigue leyendo <span class=\"meta-nav\">&rarr;<\/span><\/a><\/p>\n","protected":false},"author":1,"featured_media":0,"parent":170,"menu_order":0,"comment_status":"closed","ping_status":"closed","template":"onecolumn-page.php","meta":{"footnotes":""},"class_list":["post-179","page","type-page","status-publish","hentry"],"jetpack_sharing_enabled":true,"_links":{"self":[{"href":"https:\/\/www.aspergeraragon.org.es\/wordpress\/index.php?rest_route=\/wp\/v2\/pages\/179","targetHints":{"allow":["GET"]}}],"collection":[{"href":"https:\/\/www.aspergeraragon.org.es\/wordpress\/index.php?rest_route=\/wp\/v2\/pages"}],"about":[{"href":"https:\/\/www.aspergeraragon.org.es\/wordpress\/index.php?rest_route=\/wp\/v2\/types\/page"}],"author":[{"embeddable":true,"href":"https:\/\/www.aspergeraragon.org.es\/wordpress\/index.php?rest_route=\/wp\/v2\/users\/1"}],"replies":[{"embeddable":true,"href":"https:\/\/www.aspergeraragon.org.es\/wordpress\/index.php?rest_route=%2Fwp%2Fv2%2Fcomments&post=179"}],"version-history":[{"count":25,"href":"https:\/\/www.aspergeraragon.org.es\/wordpress\/index.php?rest_route=\/wp\/v2\/pages\/179\/revisions"}],"predecessor-version":[{"id":826,"href":"https:\/\/www.aspergeraragon.org.es\/wordpress\/index.php?rest_route=\/wp\/v2\/pages\/179\/revisions\/826"}],"up":[{"embeddable":true,"href":"https:\/\/www.aspergeraragon.org.es\/wordpress\/index.php?rest_route=\/wp\/v2\/pages\/170"}],"wp:attachment":[{"href":"https:\/\/www.aspergeraragon.org.es\/wordpress\/index.php?rest_route=%2Fwp%2Fv2%2Fmedia&parent=179"}],"curies":[{"name":"wp","href":"https:\/\/api.w.org\/{rel}","templated":true}]}}