{"id":170,"date":"2016-12-05T20:10:25","date_gmt":"2016-12-05T19:10:25","guid":{"rendered":"http:\/\/www.aspergeraragon.org.es\/wordpress\/?page_id=170"},"modified":"2024-07-29T10:41:43","modified_gmt":"2024-07-29T09:41:43","slug":"informacion","status":"publish","type":"page","link":"https:\/\/www.aspergeraragon.org.es\/wordpress\/?page_id=170","title":{"rendered":"INFORMACI\u00d3N"},"content":{"rendered":"\t\t<div data-elementor-type=\"wp-page\" data-elementor-id=\"170\" class=\"elementor elementor-170\">\n\t\t\t\t<div class=\"elementor-element elementor-element-16bdf36d e-flex e-con-boxed e-con e-parent\" data-id=\"16bdf36d\" data-element_type=\"container\" data-e-type=\"container\">\n\t\t\t\t\t<div class=\"e-con-inner\">\n\t\t\t\t<div class=\"elementor-element elementor-element-39acfba6 elementor-widget elementor-widget-text-editor\" data-id=\"39acfba6\" data-element_type=\"widget\" data-e-type=\"widget\" data-widget_type=\"text-editor.default\">\n\t\t\t\t<div class=\"elementor-widget-container\">\n\t\t\t\t\t\t\t\t\tEn esta p\u00e1gina encontrar\u00e1s links de inter\u00e9s de diferentes servicios p\u00fablicos de la Comunidad Aut\u00f3noma de Arag\u00f3n.\r\n<p style=\"text-align: center;\"><span style=\"color: #ff6600; font-size: 24px;\">Servicios sociales<\/span><\/p>\r\n<p style=\"text-align: center;\"><a href=\"https:\/\/www.aspergeraragon.org.es\/wordpress\/wp-content\/uploads\/2022\/08\/article1.png\"><img decoding=\"async\" class=\"wp-image-1865 aligncenter\" src=\"https:\/\/www.aspergeraragon.org.es\/wordpress\/wp-content\/uploads\/2022\/08\/article1.png\" alt=\"\" width=\"91\" height=\"78\" srcset=\"https:\/\/www.aspergeraragon.org.es\/wordpress\/wp-content\/uploads\/2022\/08\/article1.png 496w, https:\/\/www.aspergeraragon.org.es\/wordpress\/wp-content\/uploads\/2022\/08\/article1-300x258.png 300w\" sizes=\"(max-width: 91px) 100vw, 91px\" \/><\/a><span style=\"color: #ff6600;\"><a style=\"color: #ff6600;\" href=\"https:\/\/www.aragon.es\/-\/instituto-aragones-de-servicios-sociales-14\"><strong>INSTITUTO ARAGON\u00c9S DE SERVICIOS SOCIALES (IASS)<\/strong><\/a><\/span><\/p>\r\n&nbsp;\r\n\r\n<a style=\"color: #ff4b33;\" href=\"https:\/\/www.aragon.es\/tramites\/atencion-social-dependencia\/dependencia\/discapacidad\"><strong><span style=\"color: #ff6600;\">DISCAPACIDAD<\/span><\/strong><\/a>\r\n<ul>\r\n \t<li><a href=\"https:\/\/www.aragon.es\/tramitador\/-\/tramite\/gestion-de-dependencia-y-discapacidad\/reconocimiento-declaracion-y-calificacion-del-grado-de-discapacidad\">Informaci\u00f3n sobre solicitud<\/a><\/li>\r\n \t<li><a href=\"https:\/\/www.aragon.es\/tramitador\/-\/tramite\/gestion-de-dependencia-y-discapacidad\/reconocimiento-declaracion-y-calificacion-del-grado-de-discapacidad#Documentacion\">Documentaci\u00f3n para la solicitud<\/a><\/li>\r\n \t<li><a href=\"https:\/\/citaprevia.aragon.es\/provincias\">Cita previa para entregar documentaci\u00f3n<\/a>\r\n<ul style=\"list-style-type: circle;\">\r\n \t<li><em>ZARAGOZA<\/em>\u00a0\u2192\u00a0<em>Entregar Documentaci\u00f3n en Registro \u2192<\/em>\u00a0elegir la que prefieras<\/li>\r\n<\/ul>\r\n<\/li>\r\n<\/ul>\r\n<a href=\"https:\/\/www.aragon.es\/-\/discapacidad.-prevencion-y-atencion-temprana\"><strong><span style=\"color: #ff6600;\">ATENCION TEMPRANA<\/span><\/strong><\/a>\r\n<ul>\r\n \t<li><a href=\"https:\/\/www.aragon.es\/documents\/20127\/674325\/Guia_desarrollo_0_6.pdf\/d37f31cb-ba98-10ce-3ce0-12eb325bc8f0\">Gu\u00eda del desarrollo infantil desde el nacimiento hasta 6 a\u00f1os<\/a><\/li>\r\n \t<li><a href=\"https:\/\/www.aragon.es\/documents\/20127\/674325\/AT-2003-Programa_BOA_Orden_20_ene_03.pdf\/ff29397c-3a20-0ff3-3384-65d9fec62c0b\">Programa de atenci\u00f3n temprana en Arag\u00f3n<\/a><\/li>\r\n \t<li><a href=\"https:\/\/www.aragon.es\/documents\/20127\/674325\/Solicitud_Atencion_Temprana.pdf\/4194d998-2804-755c-a309-ac020ecf067e\">Solicitud<\/a><\/li>\r\n<\/ul>\r\n<strong><span style=\"color: #ff6600;\">DEPENDENCIA<\/span><\/strong>\r\n<ul>\r\n \t<li><strong><a href=\"https:\/\/www.aragon.es\/tramitador\/-\/tramite\/gestion-de-dependencia-y-discapacidad\/valoracion-reconocimiento-y-acceso-a-los-servicios-y-prestaciones-de-la-dependencia\">Informaci\u00f3n sobre la solicitud<\/a>\r\n<\/strong><\/li>\r\n \t<li><a href=\"http:\/\/www.boa.aragon.es\/cgi-bin\/EBOA\/BRSCGI?CMD=VEROBJ&amp;MLKOB=1072452243333\"><strong>Normativa<\/strong><\/a><\/li>\r\n \t<li><strong><a href=\"https:\/\/www.aragon.es\/-\/dependencia.-solicitud-y-procedimiento#anchor1\" target=\"_blank\" rel=\"noopener\">Gu\u00eda de la Dependencia<\/a><\/strong><\/li>\r\n<\/ul>\r\n<strong><span style=\"color: #ff6600;\">SERVICIOS SOCIALES DEL AYUNTAMIENTO DE ZARAGOZA<\/span><\/strong>\r\n<ul>\r\n \t<li><strong><a href=\"https:\/\/zaragoza.es\/sede\/portal\/servicios-sociales\/\">Acci\u00f3n social y familia<\/a><\/strong><\/li>\r\n \t<li><strong><a href=\"https:\/\/www.zaragoza.es\/contenidos\/servicios-sociales\/catalogo-ser-sociales-22.pdf\">Cat\u00e1logo de servicios\u00a0<\/a><\/strong><\/li>\r\n<\/ul>\r\n<h2 style=\"text-align: center;\"><span style=\"color: #ff6600; font-size: 24px;\">Servicios de Sanidad<\/span><\/h2>\r\n<a href=\"https:\/\/www.aspergeraragon.org.es\/wordpress\/wp-content\/uploads\/2022\/08\/R.png\"><img decoding=\"async\" class=\"aligncenter wp-image-1864\" src=\"https:\/\/www.aspergeraragon.org.es\/wordpress\/wp-content\/uploads\/2022\/08\/R.png\" alt=\"\" width=\"130\" height=\"91\" srcset=\"https:\/\/www.aspergeraragon.org.es\/wordpress\/wp-content\/uploads\/2022\/08\/R.png 440w, https:\/\/www.aspergeraragon.org.es\/wordpress\/wp-content\/uploads\/2022\/08\/R-300x209.png 300w\" sizes=\"(max-width: 130px) 100vw, 130px\" \/><\/a>\r\n<ul>\r\n \t<li><a style=\"color: #ff4b33;\" href=\"https:\/\/www.aragon.es\/organismos\/departamento-de-sanidad\/servicio-aragones-de-salud\" target=\"_blank\" rel=\"noopener\"><strong>DEPARTAMENTO SANIDAD<\/strong><\/a><\/li>\r\n \t<li><a href=\"https:\/\/www.saludinforma.es\/portalsi\/web\/salud\/inicio\"><strong>SALUD ARAGON<\/strong><\/a><\/li>\r\n \t<li><strong><a href=\"https:\/\/www.saludinforma.es\/portalsi\/web\/salud\/participacion\/espacio-asociaciones\/asociaciones-salud\/localizador-recursos\">Buscador de recursos sociosanitarios<\/a><\/strong><\/li>\r\n \t<li><strong><a href=\"https:\/\/idearagon.aragon.es\/atlas\/Aragon\/info\/servicios-y-equipamientos\/salud-y-servicios-sociales\/centros-de-salud-mental\" target=\"_blank\" rel=\"noopener\">Direcciones<\/a><\/strong><\/li>\r\n<\/ul>\r\n<h2 style=\"text-align: center;\"><span style=\"color: #ff6600; font-size: 24px;\">Servicios de Educaci\u00f3n<\/span><\/h2>\r\n<a href=\"https:\/\/www.aspergeraragon.org.es\/wordpress\/wp-content\/uploads\/2022\/08\/educacion_color_454x221-1.png\"><img decoding=\"async\" class=\"aligncenter wp-image-1866\" src=\"https:\/\/www.aspergeraragon.org.es\/wordpress\/wp-content\/uploads\/2022\/08\/educacion_color_454x221-1.png\" alt=\"\" width=\"253\" height=\"123\" srcset=\"https:\/\/www.aspergeraragon.org.es\/wordpress\/wp-content\/uploads\/2022\/08\/educacion_color_454x221-1.png 454w, https:\/\/www.aspergeraragon.org.es\/wordpress\/wp-content\/uploads\/2022\/08\/educacion_color_454x221-1-300x146.png 300w\" sizes=\"(max-width: 253px) 100vw, 253px\" \/><\/a>\r\n<ul>\r\n \t<li><a href=\"https:\/\/educa.aragon.es\/\" target=\"_blank\" rel=\"noopener\"><strong>EDUCARAG\u00d3N<\/strong><\/a><\/li>\r\n \t<li><strong><a href=\"https:\/\/educa.aragon.es\/calendario-escolar\">Calendario escolar 2022\/2023<\/a><\/strong><\/li>\r\n \t<li><strong><a href=\"https:\/\/educa.aragon.es\/buscador-de-centros#\/search\">Centros educativos<\/a><\/strong><\/li>\r\n \t<li><strong><a href=\"https:\/\/carei.es\/institucionales\/centros-preferentes-de-alumnado-autista\/\">Centros de atenci\u00f3n preferente TEA<\/a><\/strong><\/li>\r\n \t<li><strong><a href=\"http:\/\/centrospreferentesteaaragon.blogspot.com\/\" target=\"_blank\" rel=\"noopener\">Blog Centros Preferentes TEA<\/a><\/strong><\/li>\r\n \t<li><a href=\"https:\/\/carei.es\/\"><strong>CAREI<\/strong><\/a><\/li>\r\n<\/ul>\r\n&nbsp;\r\n<p style=\"text-align: center;\"><span style=\"color: #ff6600; font-size: 24px;\">Servicios de Empleo<\/span><\/p>\r\n<a href=\"https:\/\/www.aspergeraragon.org.es\/wordpress\/wp-content\/uploads\/2022\/08\/logo-inaem.jpg\"><img loading=\"lazy\" decoding=\"async\" class=\"aligncenter wp-image-1868\" src=\"https:\/\/www.aspergeraragon.org.es\/wordpress\/wp-content\/uploads\/2022\/08\/logo-inaem.jpg\" alt=\"\" width=\"235\" height=\"69\" srcset=\"https:\/\/www.aspergeraragon.org.es\/wordpress\/wp-content\/uploads\/2022\/08\/logo-inaem.jpg 640w, https:\/\/www.aspergeraragon.org.es\/wordpress\/wp-content\/uploads\/2022\/08\/logo-inaem-300x88.jpg 300w\" sizes=\"(max-width: 235px) 100vw, 235px\" \/><\/a>\r\n<ul>\r\n \t<li><a href=\"https:\/\/inaem.aragon.es\/\" target=\"_blank\" rel=\"noopener\"><strong>INSTITUTO ARAGON\u00c9S DE EMPLEO (INAEM)<\/strong><\/a><\/li>\r\n \t<li><a href=\"https:\/\/inaem.aragon.es\/red-de-oficinas\" target=\"_blank\" rel=\"noopener\"><strong>Direcciones<\/strong><\/a><\/li>\r\n \t<li><a href=\"https:\/\/inaem.aragon.es\/discapacidad-y-empleo\"><span style=\"color: #000000;\"><b>Discapacidad y empleo<\/b><\/span><\/a><\/li>\r\n<\/ul>\r\n&nbsp;\r\n<p style=\"text-align: center;\"><span style=\"color: #ff6600; font-size: 24px;\">Juventud<\/span><\/p>\r\n<a href=\"https:\/\/www.aspergeraragon.org.es\/wordpress\/wp-content\/uploads\/2022\/08\/IAJ.jpg\"><img loading=\"lazy\" decoding=\"async\" class=\"aligncenter wp-image-1869\" src=\"https:\/\/www.aspergeraragon.org.es\/wordpress\/wp-content\/uploads\/2022\/08\/IAJ.jpg\" alt=\"\" width=\"212\" height=\"50\" srcset=\"https:\/\/www.aspergeraragon.org.es\/wordpress\/wp-content\/uploads\/2022\/08\/IAJ.jpg 500w, https:\/\/www.aspergeraragon.org.es\/wordpress\/wp-content\/uploads\/2022\/08\/IAJ-300x71.jpg 300w\" sizes=\"(max-width: 212px) 100vw, 212px\" \/><\/a>\r\n<ul>\r\n \t<li><a href=\"https:\/\/www.aragon.es\/organismos\/departamento-de-ciudadania-y-derechos-sociales\/instituto-aragones-de-la-juventud-iaj-\" target=\"_blank\" rel=\"noopener\"><strong>INSTITUTO ARAGON\u00c9S DE LA JUVENTUD (IAJ)<\/strong><\/a><\/li>\r\n \t<li><a href=\"http:\/\/serviciosciudadano.aragon.es\/cgi-bin\/CARS\/BRSCGI?CMD=VEROBJ&amp;MLKOB=923288403838\"><strong>Carta de servicios<\/strong><\/a><\/li>\r\n<\/ul>\r\n&nbsp;\t\t\t\t\t\t\t\t<\/div>\n\t\t\t\t<\/div>\n\t\t\t\t\t<\/div>\n\t\t\t\t<\/div>\n\t\t<div class=\"elementor-element elementor-element-861f012 e-flex e-con-boxed e-con e-parent\" data-id=\"861f012\" data-element_type=\"container\" data-e-type=\"container\">\n\t\t\t\t\t<div class=\"e-con-inner\">\n\t\t<a class=\"elementor-element elementor-element-019921e e-con-full e-flex e-con e-child\" data-id=\"019921e\" data-element_type=\"container\" data-e-type=\"container\" href=\"https:\/\/www.aspergeraragon.org.es\/wordpress\/?page_id=574\">\n\t\t\t\t<div class=\"elementor-element elementor-element-786ce6a elementor-widget elementor-widget-heading\" data-id=\"786ce6a\" data-element_type=\"widget\" data-e-type=\"widget\" data-widget_type=\"heading.default\">\n\t\t\t\t<div class=\"elementor-widget-container\">\n\t\t\t\t\t<h3 class=\"elementor-heading-title elementor-size-default\">Noticias<\/h3>\t\t\t\t<\/div>\n\t\t\t\t<\/div>\n\t\t\t\t<div class=\"elementor-element elementor-element-614505e elementor-widget elementor-widget-image\" data-id=\"614505e\" data-element_type=\"widget\" data-e-type=\"widget\" data-widget_type=\"image.default\">\n\t\t\t\t<div class=\"elementor-widget-container\">\n\t\t\t\t\t\t\t\t\t\t\t\t\t\t\t<img loading=\"lazy\" decoding=\"async\" width=\"300\" height=\"300\" src=\"https:\/\/www.aspergeraragon.org.es\/wordpress\/wp-content\/uploads\/2024\/07\/Noticias-300x300.jpg\" class=\"attachment-medium size-medium wp-image-2088\" alt=\"\" srcset=\"https:\/\/www.aspergeraragon.org.es\/wordpress\/wp-content\/uploads\/2024\/07\/Noticias-300x300.jpg 300w, https:\/\/www.aspergeraragon.org.es\/wordpress\/wp-content\/uploads\/2024\/07\/Noticias-150x150.jpg 150w, https:\/\/www.aspergeraragon.org.es\/wordpress\/wp-content\/uploads\/2024\/07\/elementor\/thumbs\/Noticias-qrteqhz4i3zq8wsq22fcab27m12s0mz4n5q5o4tl7w.jpg 30w, https:\/\/www.aspergeraragon.org.es\/wordpress\/wp-content\/uploads\/2024\/07\/elementor\/thumbs\/Noticias-qrteqhz7tu36y29tep6u203qn5z4k4r1i5nh25tt3q.jpg 303w, https:\/\/www.aspergeraragon.org.es\/wordpress\/wp-content\/uploads\/2024\/07\/Noticias-e1742559794446.jpg 200w\" sizes=\"(max-width: 300px) 100vw, 300px\" \/>\t\t\t\t\t\t\t\t\t\t\t\t\t\t\t<\/div>\n\t\t\t\t<\/div>\n\t\t\t\t<\/a>\n\t\t<a class=\"elementor-element elementor-element-ee7134d e-con-full e-flex e-con e-child\" data-id=\"ee7134d\" data-element_type=\"container\" data-e-type=\"container\" href=\"https:\/\/www.aspergeraragon.org.es\/wordpress\/?page_id=179\">\n\t\t\t\t<div class=\"elementor-element elementor-element-83940fc elementor-widget elementor-widget-heading\" data-id=\"83940fc\" data-element_type=\"widget\" data-e-type=\"widget\" data-widget_type=\"heading.default\">\n\t\t\t\t<div class=\"elementor-widget-container\">\n\t\t\t\t\t<h3 class=\"elementor-heading-title elementor-size-default\">Enlaces<\/h3>\t\t\t\t<\/div>\n\t\t\t\t<\/div>\n\t\t\t\t<div class=\"elementor-element elementor-element-40f8a49 elementor-widget elementor-widget-image\" data-id=\"40f8a49\" data-element_type=\"widget\" data-e-type=\"widget\" data-widget_type=\"image.default\">\n\t\t\t\t<div class=\"elementor-widget-container\">\n\t\t\t\t\t\t\t\t\t\t\t\t\t\t\t<img loading=\"lazy\" decoding=\"async\" width=\"640\" height=\"362\" src=\"https:\/\/www.aspergeraragon.org.es\/wordpress\/wp-content\/uploads\/2024\/07\/Enlaces-768x434.jpg\" class=\"attachment-medium_large size-medium_large wp-image-2085\" alt=\"\" srcset=\"https:\/\/www.aspergeraragon.org.es\/wordpress\/wp-content\/uploads\/2024\/07\/Enlaces-768x434.jpg 768w, https:\/\/www.aspergeraragon.org.es\/wordpress\/wp-content\/uploads\/2024\/07\/Enlaces-300x170.jpg 300w, https:\/\/www.aspergeraragon.org.es\/wordpress\/wp-content\/uploads\/2024\/07\/Enlaces.jpg 1000w\" sizes=\"(max-width: 640px) 100vw, 640px\" \/>\t\t\t\t\t\t\t\t\t\t\t\t\t\t\t<\/div>\n\t\t\t\t<\/div>\n\t\t\t\t<\/a>\n\t\t\t\t\t<\/div>\n\t\t\t\t<\/div>\n\t\t\t\t<\/div>\n\t\t","protected":false},"excerpt":{"rendered":"<p>En esta p\u00e1gina encontrar\u00e1s links de inter\u00e9s de diferentes servicios p\u00fablicos de la Comunidad Aut\u00f3noma de Arag\u00f3n. Servicios sociales INSTITUTO ARAGON\u00c9S DE SERVICIOS SOCIALES (IASS) &nbsp; DISCAPACIDAD Informaci\u00f3n sobre solicitud Documentaci\u00f3n para la solicitud Cita previa para entregar documentaci\u00f3n ZARAGOZA\u00a0\u2192\u00a0Entregar &hellip; <a href=\"https:\/\/www.aspergeraragon.org.es\/wordpress\/?page_id=170\">Sigue leyendo <span class=\"meta-nav\">&rarr;<\/span><\/a><\/p>\n","protected":false},"author":1,"featured_media":0,"parent":0,"menu_order":0,"comment_status":"closed","ping_status":"closed","template":"onecolumn-page.php","meta":{"footnotes":""},"class_list":["post-170","page","type-page","status-publish","hentry"],"jetpack_sharing_enabled":true,"_links":{"self":[{"href":"https:\/\/www.aspergeraragon.org.es\/wordpress\/index.php?rest_route=\/wp\/v2\/pages\/170","targetHints":{"allow":["GET"]}}],"collection":[{"href":"https:\/\/www.aspergeraragon.org.es\/wordpress\/index.php?rest_route=\/wp\/v2\/pages"}],"about":[{"href":"https:\/\/www.aspergeraragon.org.es\/wordpress\/index.php?rest_route=\/wp\/v2\/types\/page"}],"author":[{"embeddable":true,"href":"https:\/\/www.aspergeraragon.org.es\/wordpress\/index.php?rest_route=\/wp\/v2\/users\/1"}],"replies":[{"embeddable":true,"href":"https:\/\/www.aspergeraragon.org.es\/wordpress\/index.php?rest_route=%2Fwp%2Fv2%2Fcomments&post=170"}],"version-history":[{"count":44,"href":"https:\/\/www.aspergeraragon.org.es\/wordpress\/index.php?rest_route=\/wp\/v2\/pages\/170\/revisions"}],"predecessor-version":[{"id":2111,"href":"https:\/\/www.aspergeraragon.org.es\/wordpress\/index.php?rest_route=\/wp\/v2\/pages\/170\/revisions\/2111"}],"wp:attachment":[{"href":"https:\/\/www.aspergeraragon.org.es\/wordpress\/index.php?rest_route=%2Fwp%2Fv2%2Fmedia&parent=170"}],"curies":[{"name":"wp","href":"https:\/\/api.w.org\/{rel}","templated":true}]}}