{"id":164,"date":"2016-12-05T20:09:52","date_gmt":"2016-12-05T19:09:52","guid":{"rendered":"http:\/\/www.aspergeraragon.org.es\/wordpress\/?page_id=164"},"modified":"2018-07-23T23:11:17","modified_gmt":"2018-07-23T22:11:17","slug":"objetivos","status":"publish","type":"page","link":"https:\/\/www.aspergeraragon.org.es\/wordpress\/?page_id=164","title":{"rendered":"Objetivos"},"content":{"rendered":"<table>\n<tbody>\n<tr>\n<td style=\"background-color: #dff5ff;\">\n<h2 style=\"text-align: center;\">Objetivos de la Asociaci\u00f3n<\/h2>\n<\/td>\n<\/tr>\n<\/tbody>\n<\/table>\n<table id=\"table1\" style=\"height: 133px;\" border=\"0\" width=\"632\" cellspacing=\"0\" cellpadding=\"0\">\n<tbody>\n<tr>\n<td style=\"text-align: left; width: 590px;\"><span style=\"font-size: 12px;\"><span style=\"color: #000000;\">1. Mejorar la calidad de vida de las personas con S. de Asperger y de sus familias.<\/span><\/span><\/td>\n<\/tr>\n<tr>\n<td style=\"text-align: left; width: 590px;\"><span style=\"font-size: 12px;\"><span style=\"color: #000000;\">2. Promover la plena integraci\u00f3n social en todos los \u00e1mbitos.<\/span><\/span><\/td>\n<\/tr>\n<tr>\n<td style=\"text-align: left; width: 590px;\"><span style=\"font-size: 12px;\"><span style=\"color: #000000;\">3. Defender los derechos de las personas con el S. de Asperger.<\/span><\/span><\/td>\n<\/tr>\n<tr>\n<td style=\"text-align: left; width: 590px;\"><span style=\"font-size: 12px;\"><span style=\"color: #000000;\">4. Difundir y dar a conocer las caracter\u00edsticas del S. de Asperger.<\/span><\/span><\/td>\n<\/tr>\n<tr>\n<td style=\"text-align: left; width: 590px;\"><span style=\"font-size: 12px;\"><span style=\"color: #000000;\">5. Fomentar y organizar cursos, jornadas y encuentros para la formaci\u00f3n de profesionales.<\/span><\/span><\/td>\n<\/tr>\n<tr>\n<td style=\"text-align: left; width: 590px;\"><span style=\"font-size: 12px;\"><span style=\"color: #000000;\">6. Informar, asesorar y orientar a las familias y afectados.<\/span><\/span><\/td>\n<\/tr>\n<tr>\n<td style=\"text-align: left; width: 590px;\"><span style=\"font-size: 12px;\"><span style=\"color: #000000;\">7. Organizar servicios para complementar y mejorar la atenci\u00f3n de las personas con S. de Asperger.<\/span><\/span><\/td>\n<\/tr>\n<\/tbody>\n<\/table>\n<table id=\"table2\" border=\"1\" width=\"630\" cellspacing=\"0\" bgcolor=\"#DFF5FF\">\n<tbody>\n<tr>\n<td style=\"background-color: #dff5ff; text-align: center;\"><span style=\"font-size: 14px;\"><a href=\"https:\/\/www.aspergeraragon.org.es\/wordpress\/wp-content\/uploads\/2018\/07\/Modificaci\u00f3n-Estatutos-2018.-cambio-domicilio-social.pdf\">Pincha aqu\u00ed para ver los estatutos<\/a><\/span><\/td>\n<\/tr>\n<\/tbody>\n<\/table>\n<p>&nbsp;<\/p>\n","protected":false},"excerpt":{"rendered":"<p>Objetivos de la Asociaci\u00f3n 1. Mejorar la calidad de vida de las personas con S. de Asperger y de sus familias. 2. Promover la plena integraci\u00f3n social en todos los \u00e1mbitos. 3. Defender los derechos de las personas con el &hellip; <a href=\"https:\/\/www.aspergeraragon.org.es\/wordpress\/?page_id=164\">Sigue leyendo <span class=\"meta-nav\">&rarr;<\/span><\/a><\/p>\n","protected":false},"author":1,"featured_media":0,"parent":200,"menu_order":0,"comment_status":"closed","ping_status":"closed","template":"onecolumn-page.php","meta":{"footnotes":""},"class_list":["post-164","page","type-page","status-publish","hentry"],"jetpack_sharing_enabled":true,"_links":{"self":[{"href":"https:\/\/www.aspergeraragon.org.es\/wordpress\/index.php?rest_route=\/wp\/v2\/pages\/164","targetHints":{"allow":["GET"]}}],"collection":[{"href":"https:\/\/www.aspergeraragon.org.es\/wordpress\/index.php?rest_route=\/wp\/v2\/pages"}],"about":[{"href":"https:\/\/www.aspergeraragon.org.es\/wordpress\/index.php?rest_route=\/wp\/v2\/types\/page"}],"author":[{"embeddable":true,"href":"https:\/\/www.aspergeraragon.org.es\/wordpress\/index.php?rest_route=\/wp\/v2\/users\/1"}],"replies":[{"embeddable":true,"href":"https:\/\/www.aspergeraragon.org.es\/wordpress\/index.php?rest_route=%2Fwp%2Fv2%2Fcomments&post=164"}],"version-history":[{"count":29,"href":"https:\/\/www.aspergeraragon.org.es\/wordpress\/index.php?rest_route=\/wp\/v2\/pages\/164\/revisions"}],"predecessor-version":[{"id":1155,"href":"https:\/\/www.aspergeraragon.org.es\/wordpress\/index.php?rest_route=\/wp\/v2\/pages\/164\/revisions\/1155"}],"up":[{"embeddable":true,"href":"https:\/\/www.aspergeraragon.org.es\/wordpress\/index.php?rest_route=\/wp\/v2\/pages\/200"}],"wp:attachment":[{"href":"https:\/\/www.aspergeraragon.org.es\/wordpress\/index.php?rest_route=%2Fwp%2Fv2%2Fmedia&parent=164"}],"curies":[{"name":"wp","href":"https:\/\/api.w.org\/{rel}","templated":true}]}}